{"id":39,"date":"2025-05-18T10:24:53","date_gmt":"2025-05-18T10:24:53","guid":{"rendered":"https:\/\/wordpress.themeholy.com\/robor\/?page_id=39"},"modified":"2025-12-23T14:17:54","modified_gmt":"2025-12-23T17:17:54","slug":"sobre-nos","status":"publish","type":"page","link":"https:\/\/vitatechsistemas.com.br\/save\/sobre-nos\/","title":{"rendered":"Sobre N\u00f3s"},"content":{"rendered":"\t\t<div data-elementor-type=\"wp-page\" data-elementor-id=\"39\" class=\"elementor elementor-39\">\n\t\t\t\t<div class=\"elementor-element elementor-element-bc25b69 e-flex e-con-boxed e-con e-parent\" data-id=\"bc25b69\" data-element_type=\"container\" data-settings=\"{&quot;background_background&quot;:&quot;classic&quot;}\">\n\t\t\t\t\t<div class=\"e-con-inner\">\n\t\t\r\n\t\t<div class=\"elementor-element elementor-element-1e8c425 elementor-widget elementor-widget-roboraboutus\" data-id=\"1e8c425\" data-element_type=\"widget\" data-widget_type=\"roboraboutus.default\">\n\t\t\t\t<div class=\"elementor-widget-container\">\n\t\t\t\t\t<div class=\"row gy-60 gx-80 align-items-start\"><div class=\"col-xxl-6\"><div class=\"img-box4\" data-cue=\"slideInLeft\"><div class=\"circle-tag\"><span class=\"circle-title-anime\">SOBRE N\u00d3S - VITATECH - SAVE<\/span><a href=\"\" class=\"play-btn popup-video\">\n                                        <i class=\"fa-sharp fa-solid fa-play\"><\/i>\n                                    <\/a><\/div><div class=\"img3\"><div class=\"shadow-text\">SAVE<\/div><\/div><\/div><\/div><div class=\"col-xxl-6\"><div class=\"about-wrap4\"><div class=\"title-area mb-30\"><span class=\"sub-title style2 before-none text-anim\" data-cue=\"slideInLeft\" data-delay=\"200\">Sobre n\u00f3s<\/span><h2 class=\"sec-title mb-0 text-anim2\" data-cue=\"slideInLeft\" data-delay=\"300\">Vitatech - 17 anos desenvolvendo solu\u00e7\u00f5es para atendimento presencial.<\/h2><span class=\"mt-15 desc\" data-cue=\"slideInUp\"  data-delay=\"400\">A Vitatech \u00e9 a empresa respons\u00e1vel pelo desenvolvimento do sistema SAVE, uma solu\u00e7\u00e3o criada para organizar e padronizar o atendimento presencial com efici\u00eancia e confiabilidade. H\u00e1 17 anos, atuamos na evolu\u00e7\u00e3o cont\u00ednua do SAVE, acompanhando diferentes realidades operacionais e garantindo estabilidade para ambientes de alto fluxo.\n\nNossa experi\u00eancia \u00e9 constru\u00edda a partir da pr\u00e1tica, com foco em processos claros, opera\u00e7\u00e3o segura e solu\u00e7\u00f5es que crescem junto com a necessidade de cada cliente.<\/span><\/div><div class=\"about-feature-card-wrap\"><div class=\"about-feature-card\" data-cue=\"slideInUp\"><div class=\"box-icon\"><div class=\"color-masking\"><img decoding=\"async\" src=\"https:\/\/vitatechsistemas.com.br\/save\/wp-content\/uploads\/2025\/12\/feedback_15579490-e1766153037798.png\" alt=\"feedback_15579490 e1766153037798\"  \/><\/div><\/div><div class=\"media-body\"><h4 class=\"box-title\">Solu\u00e7\u00e3o testada em opera\u00e7\u00f5es reais<\/h4><p class=\"box-text\">Atua\u00e7\u00e3o cont\u00ednua em diferentes segmentos, com foco em organiza\u00e7\u00e3o, efici\u00eancia e controle do atendimento.<\/p><\/div><\/div><div class=\"about-feature-card\" data-cue=\"slideInUp\"><div class=\"box-icon\"><div class=\"color-masking\"><img decoding=\"async\" src=\"https:\/\/vitatechsistemas.com.br\/save\/wp-content\/uploads\/2025\/12\/atendimento-1.png\" alt=\"atendimento 1\"  \/><\/div><\/div><div class=\"media-body\"><h4 class=\"box-title\">Compromisso com qualidade e suporte<\/h4><p class=\"box-text\">Acompanhamento t\u00e9cnico e suporte especializado para garantir o bom funcionamento do sistema.<\/p><\/div><\/div><\/div><div class=\"btn-wrap mt-40\" data-cue=\"slideInUp\"><a class=\"th-btn\" href=\"https:\/\/api.whatsapp.com\/send\/?phone=5531997009476&#038;text=Ol%C3%A1,+quero+conhecer+o+SAVE!&#038;type=phone_number&#038;app_absent=0\">Fale conosco! <i class=\"far fa-long-arrow-right ms-2\"><\/i><\/a><\/div><\/div><\/div><\/div>\t\t\t\t<\/div>\n\t\t\t\t<\/div>\n\t\t\t\t\t<\/div>\n\t\t\t\t<\/div>\n\t\t<div class=\"elementor-element elementor-element-b881e45 e-flex e-con-boxed e-con e-parent\" data-id=\"b881e45\" data-element_type=\"container\">\n\t\t\t\t\t<div class=\"e-con-inner\">\n\t\t\t\t<div class=\"elementor-element elementor-element-0c0642b elementor-widget elementor-widget-roborcounterup\" data-id=\"0c0642b\" data-element_type=\"widget\" data-widget_type=\"roborcounterup.default\">\n\t\t\t\t<div class=\"elementor-widget-container\">\n\t\t\t\t\t<div class=\"counter-wrap2\"><div class=\"counter-card2 style2\" data-cue=\"slideInUp\"> <div class=\"media-body\"><h2 class=\"box-number num\"><span class=\"counter-number\">17<\/span>+<\/h2><p class=\"box-text desc\">Anos de mercado<\/p><\/div><\/div><div class=\"counter-card2 style2\" data-cue=\"slideInUp\"> <div class=\"media-body\"><h2 class=\"box-number num\"><span class=\"counter-number\">100<\/span>%<\/h2><p class=\"box-text desc\">Foco em atendimeto organizado<\/p><\/div><\/div><div class=\"counter-card2 style2\" data-cue=\"slideInUp\"> <div class=\"media-body\"><h2 class=\"box-number num\"><span class=\"counter-number\">100<\/span>%<\/h2><p class=\"box-text desc\">Personaliz\u00e1vel<\/p><\/div><\/div><div class=\"counter-card2 style2\" data-cue=\"slideInUp\"> <div class=\"media-body\"><h2 class=\"box-number num\"><span class=\"counter-number\">1000<\/span>+<\/h2><p class=\"box-text desc\">Atendimento dia<\/p><\/div><\/div><div class=\"counter-card2 style2\" data-cue=\"slideInUp\"> <div class=\"media-body\"><h2 class=\"box-number num\"><span class=\"counter-number\">1<\/span><\/h2><p class=\"box-text desc\">Plataforma de atendimento<\/p><\/div><\/div><\/div>\t\t\t\t<\/div>\n\t\t\t\t<\/div>\n\t\t\t\t\t<\/div>\n\t\t\t\t<\/div>\n\t\t<div class=\"elementor-element elementor-element-a3fef1f e-flex e-con-boxed e-con e-parent\" data-id=\"a3fef1f\" data-element_type=\"container\" data-settings=\"{&quot;background_background&quot;:&quot;classic&quot;,&quot;shape_divider_top&quot;:&quot;arrow&quot;,&quot;shape_divider_bottom&quot;:&quot;arrow&quot;}\">\n\t\t\t\t\t<div class=\"e-con-inner\">\n\t\t\t\t<div class=\"elementor-shape elementor-shape-top\" aria-hidden=\"true\" data-negative=\"false\">\n\t\t\t<svg xmlns=\"http:\/\/www.w3.org\/2000\/svg\" viewBox=\"0 0 700 10\" preserveAspectRatio=\"none\">\n\t<path class=\"elementor-shape-fill\" d=\"M350,10L340,0h20L350,10z\"\/>\n<\/svg>\t\t<\/div>\n\t\t\t\t<div class=\"elementor-shape elementor-shape-bottom\" aria-hidden=\"true\" data-negative=\"false\">\n\t\t\t<svg xmlns=\"http:\/\/www.w3.org\/2000\/svg\" viewBox=\"0 0 700 10\" preserveAspectRatio=\"none\">\n\t<path class=\"elementor-shape-fill\" d=\"M350,10L340,0h20L350,10z\"\/>\n<\/svg>\t\t<\/div>\n\t\t\t\t<div class=\"elementor-element elementor-element-d795262 elementor-widget elementor-widget-roborchooseus\" data-id=\"d795262\" data-element_type=\"widget\" data-widget_type=\"roborchooseus.default\">\n\t\t\t\t<div class=\"elementor-widget-container\">\n\t\t\t\t\t<div class=\"row gy-40 gx-80\"><div class=\"col-xxl-7\"><div class=\"title-area mb-60\"><span class=\"sub-title text-anim before-none\" data-cue=\"slideInLeft\">Por que confiar o seu atendimento ao SAVE<\/span><h2 class=\"sec-title text-anim2\" data-cue=\"slideInLeft\">O SAVE foi desenvolvido para operar com estabilidade, clareza e previsibilidade, oferecendo seguran\u00e7a para quem gerencia atendimentos e confian\u00e7a para quem \u00e9 atendido.<\/h2><\/div><div class=\"why-img-box1\" data-cue=\"slideInUp\"><img decoding=\"async\" src=\"https:\/\/vitatechsistemas.com.br\/save\/wp-content\/uploads\/2025\/12\/WhatsApp-Image-2025-12-22-at-09.39.30-e1766425567781.jpg\" alt=\"WhatsApp Image 2025 12 22 at 09.39.30 e1766425567781\"  \/><\/div><\/div><div class=\"col-xxl-5\"><div class=\"why-counter-wrap-1\"><div class=\"why-counter-card\"><h2 class=\"box-number\" data-cue=\"slideInUp\"><span class=\"counter-number\">17<\/span><span class=\"counter-marker\">+<\/span><\/h2><h4 class=\"counter-text\" data-cue=\"slideInUp\">Anos de opera\u00e7\u00e3o e evolu\u00e7\u00e3o cont\u00ednua.<\/h4><\/div><\/div><div class=\"why-card-wrap\"><div class=\"circle-tag\" data-cue=\"slideInUp\"><span class=\"circle-title-anime\">Fale conosco! - Fale conosco!<\/span><a href=\"https:\/\/api.whatsapp.com\/send\/?phone=5531997009476&#038;text=Ol%C3%A1,+quero+conhecer+o+SAVE!&#038;type=phone_number&#038;app_absent=0\" class=\"icon-btn\"><i class=\"fal fa-long-arrow-right\"><\/i><\/a><\/div><div class=\"why-card\" data-cue=\"slideInUp\"><div class=\"box-number num\">01.<\/div><div class=\"box-details\"><h4 class=\"box-title\">\nSistema Preparado para Opera\u00e7\u00f5es Reais<\/h4><p class=\"box-text\">Desenvolvido para ambientes com fluxo cont\u00ednuo de atendimento, o SAVE mant\u00e9m desempenho e estabilidade mesmo em cen\u00e1rios de alta demanda.<\/p><\/div><\/div><div class=\"why-card\" data-cue=\"slideInUp\"><div class=\"box-number num\">02.<\/div><div class=\"box-details\"><h4 class=\"box-title\">Implanta\u00e7\u00e3o Guiada e Suporte Especializado<\/h4><p class=\"box-text\">A implanta\u00e7\u00e3o \u00e9 acompanhada por especialistas, garantindo parametriza\u00e7\u00e3o correta, ado\u00e7\u00e3o r\u00e1pida e funcionamento consistente desde o in\u00edcio.<\/p><\/div><\/div><div class=\"why-card\" data-cue=\"slideInUp\"><div class=\"box-number num\">03.<\/div><div class=\"box-details\"><h4 class=\"box-title\">Clareza Operacional e Rastreabilidade<\/h4><p class=\"box-text\">Cada atendimento \u00e9 registrado com precis\u00e3o, permitindo auditoria, an\u00e1lise posterior e total transpar\u00eancia na opera\u00e7\u00e3o.<\/p><\/div><\/div><div class=\"why-card\" data-cue=\"slideInUp\"><div class=\"box-number num\">04.<\/div><div class=\"box-details\"><h4 class=\"box-title\">Plataforma que Cresce com a Opera\u00e7\u00e3o<\/h4><p class=\"box-text\">O SAVE acompanha a evolu\u00e7\u00e3o da opera\u00e7\u00e3o, permitindo expans\u00e3o, ajustes e novos fluxos sem necessidade de troca de sistema.<\/p><\/div><\/div><\/div><\/div><\/div>\t\t\t\t<\/div>\n\t\t\t\t<\/div>\n\t\t\t\t\t<\/div>\n\t\t\t\t<\/div>\n\t\t<div class=\"elementor-element elementor-element-d9a99aa e-flex e-con-boxed e-con e-parent\" data-id=\"d9a99aa\" data-element_type=\"container\" data-settings=\"{&quot;background_background&quot;:&quot;classic&quot;}\">\n\t\t\t\t\t<div class=\"e-con-inner\">\n\t\t<div class=\"elementor-element elementor-element-075b21e e-con-full e-flex e-con e-child\" data-id=\"075b21e\" data-element_type=\"container\">\n\t\t\t\t<div class=\"elementor-element elementor-element-b99e7ac elementor-widget-tablet__width-inherit elementor-widget elementor-widget-roborsectiontitle\" data-id=\"b99e7ac\" data-element_type=\"widget\" data-widget_type=\"roborsectiontitle.default\">\n\t\t\t\t<div class=\"elementor-widget-container\">\n\t\t\t\t\t\t\t<div class=\"title-area text-left \">\r\n\t\t\t<span class=\"sub-title style2 before-none text-anim\" data-cue=\"slideInLeft\">Conhe\u00e7a o SIGMO!<\/span><h2 class=\"sec-title text-anim\" data-cue=\"slideInLeft\">SIGMO - Sistema de Medicina Ocupacional.<\/h2><p>Com mais de dez anos de atua\u00e7\u00e3o, o SIGMO entrega agendamentos inteligentes, GED completo, gest\u00e3o de EPI, NFSe, relat\u00f3rios financeiros, integra\u00e7\u00e3o banc\u00e1ria, laudos autom\u00e1ticos, pr\u00e9-valida\u00e7\u00e3o do eSocial e mensageria cl\u00ednica e cliente. Simples, integrado, eficiente e sem custos ocultos.<\/p>\t\t<\/div>\r\n\r\n\t\t\t\t\t<\/div>\n\t\t\t\t<\/div>\n\t\t\t\t<div class=\"elementor-element elementor-element-0fe58ef elementor-widget elementor-widget-roborstep\" data-id=\"0fe58ef\" data-element_type=\"widget\" data-widget_type=\"roborstep.default\">\n\t\t\t\t<div class=\"elementor-widget-container\">\n\t\t\t\t\t<div class=\"process-wrap2\"><div class=\"process-card2\" data-cue=\"slideInUp\"><div class=\"process-arrow\"><img decoding=\"async\" src=\"https:\/\/wordpress.themehour.net\/robor\/wp-content\/uploads\/2025\/05\/process-arrow2-1.svg\" alt=\"process arrow2 1\"  \/><\/div><span class=\"box-number\">1<\/span><div class=\"box-content\"><h3 class=\"box-title\">Medicina do trabalho<\/h3><p class=\"box-text\">Agendamentos, hist\u00f3rico cl\u00ednico, GED, biometria e sele\u00e7\u00e3o autom\u00e1tica de exames.<\/p><\/div><\/div><div class=\"process-card2\" data-cue=\"slideInUp\"><div class=\"process-arrow\"><img decoding=\"async\" src=\"https:\/\/wordpress.themehour.net\/robor\/wp-content\/uploads\/2025\/05\/process-arrow2-2.svg\" alt=\"process arrow2 2\"  \/><\/div><span class=\"box-number\">2<\/span><div class=\"box-content\"><h3 class=\"box-title\">Seguran\u00e7a do trabalho<\/h3><p class=\"box-text\">PCMSO, PGR, LIP e LTCAT com gest\u00e3o de riscos, EPI e laudos autom\u00e1ticos.<\/p><\/div><\/div><div class=\"process-card2\" data-cue=\"slideInUp\"><div class=\"process-arrow\"><img decoding=\"async\" src=\"https:\/\/wordpress.themehour.net\/robor\/wp-content\/uploads\/2025\/05\/process-arrow2-1.svg\" alt=\"process arrow2 1\"  \/><\/div><span class=\"box-number\">3<\/span><div class=\"box-content\"><h3 class=\"box-title\">Financeiro<\/h3><p class=\"box-text\">Faturamento, boletos, NFSe, relat\u00f3rios e contas a pagar\/receber.<\/p><\/div><\/div><div class=\"process-card2\" data-cue=\"slideInUp\"><div class=\"process-arrow\"><img decoding=\"async\" src=\"https:\/\/vitatechsistemas.com.br\/save\/wp-content\/plugins\/elementor\/assets\/images\/placeholder.png\" alt=\"placeholder\"  \/><\/div><span class=\"box-number\">4<\/span><div class=\"box-content\"><h3 class=\"box-title\">eSocial<\/h3><p class=\"box-text\">Pr\u00e9-valida\u00e7\u00e3o, mensageria, gera\u00e7\u00e3o de XML e envio dos eventos.<\/p><\/div><\/div><\/div>\t\t\t\t<\/div>\n\t\t\t\t<\/div>\n\t\t\t\t<div class=\"elementor-element elementor-element-bf22070 elementor-align-right elementor-widget elementor-widget-button\" data-id=\"bf22070\" data-element_type=\"widget\" data-widget_type=\"button.default\">\n\t\t\t\t\t\t\t\t\t\t<a class=\"elementor-button elementor-button-link elementor-size-sm elementor-animation-grow\" href=\"https:\/\/sigmoweb.com.br\/\" target=\"_blank\">\n\t\t\t\t\t\t<span class=\"elementor-button-content-wrapper\">\n\t\t\t\t\t\t<span class=\"elementor-button-icon\">\n\t\t\t\t<i aria-hidden=\"true\" class=\"far fa-hand-point-right\"><\/i>\t\t\t<\/span>\n\t\t\t\t\t\t\t\t\t<span class=\"elementor-button-text\">Clique aqui!<\/span>\n\t\t\t\t\t<\/span>\n\t\t\t\t\t<\/a>\n\t\t\t\t\t\t\t\t<\/div>\n\t\t\t\t<\/div>\n\t\t<div class=\"elementor-element elementor-element-b0893d7 e-con-full e-flex e-con e-child\" data-id=\"b0893d7\" data-element_type=\"container\">\n\t\t\t\t<div class=\"elementor-element elementor-element-340241e elementor-widget__width-initial elementor-absolute elementor-widget elementor-widget-roborimage\" data-id=\"340241e\" data-element_type=\"widget\" data-settings=\"{&quot;_position&quot;:&quot;absolute&quot;}\" data-widget_type=\"roborimage.default\">\n\t\t\t\t<div class=\"elementor-widget-container\">\n\t\t\t\t\t<div class=\"process-img-box2\" data-cue=\"slideInRight\"><img decoding=\"async\" src=\"https:\/\/vitatechsistemas.com.br\/save\/wp-content\/uploads\/2025\/12\/jovem-medica-confiante-em-um-manto-medico-com-estetoscopio-apontando-para-o-lado-e-olhando-para-o-lado-em-um-fundo-laranja-isolado-com-espaco-de-copia-removebg-preview.png\" alt=\"jovem medica confiante em um manto medico com estetoscopio apontando para o lado e olhando para o lado em um fundo laranja isolado com espaco de copia removebg preview\"  \/><\/div>\t\t\t\t<\/div>\n\t\t\t\t<\/div>\n\t\t\t\t<\/div>\n\t\t\t\t\t<\/div>\n\t\t\t\t<\/div>\n\t\t\t\t<\/div>\n\t\t","protected":false},"excerpt":{"rendered":"<p>SOBRE N\u00d3S &#8211; VITATECH &#8211; SAVE SAVESobre n\u00f3s Vitatech &#8211; 17 anos desenvolvendo solu\u00e7\u00f5es para atendimento presencial. A Vitatech \u00e9 a empresa respons\u00e1vel pelo desenvolvimento do sistema SAVE, uma solu\u00e7\u00e3o criada para organizar e padronizar o atendimento presencial com efici\u00eancia e confiabilidade. H\u00e1 17 anos, atuamos na evolu\u00e7\u00e3o cont\u00ednua do SAVE, acompanhando diferentes realidades operacionais&#8230;<\/p>\n","protected":false},"author":1,"featured_media":0,"parent":0,"menu_order":0,"comment_status":"closed","ping_status":"closed","template":"template-builder.php","meta":{"_monsterinsights_skip_tracking":false,"_monsterinsights_sitenote_active":false,"_monsterinsights_sitenote_note":"","_monsterinsights_sitenote_category":0,"footnotes":""},"class_list":["post-39","page","type-page","status-publish","hentry"],"aioseo_notices":[],"_links":{"self":[{"href":"https:\/\/vitatechsistemas.com.br\/save\/wp-json\/wp\/v2\/pages\/39","targetHints":{"allow":["GET"]}}],"collection":[{"href":"https:\/\/vitatechsistemas.com.br\/save\/wp-json\/wp\/v2\/pages"}],"about":[{"href":"https:\/\/vitatechsistemas.com.br\/save\/wp-json\/wp\/v2\/types\/page"}],"author":[{"embeddable":true,"href":"https:\/\/vitatechsistemas.com.br\/save\/wp-json\/wp\/v2\/users\/1"}],"replies":[{"embeddable":true,"href":"https:\/\/vitatechsistemas.com.br\/save\/wp-json\/wp\/v2\/comments?post=39"}],"version-history":[{"count":38,"href":"https:\/\/vitatechsistemas.com.br\/save\/wp-json\/wp\/v2\/pages\/39\/revisions"}],"predecessor-version":[{"id":6180,"href":"https:\/\/vitatechsistemas.com.br\/save\/wp-json\/wp\/v2\/pages\/39\/revisions\/6180"}],"wp:attachment":[{"href":"https:\/\/vitatechsistemas.com.br\/save\/wp-json\/wp\/v2\/media?parent=39"}],"curies":[{"name":"wp","href":"https:\/\/api.w.org\/{rel}","templated":true}]}}